{"id":3940,"date":"2022-06-09T21:52:04","date_gmt":"2022-06-09T18:52:04","guid":{"rendered":"https:\/\/chocolette.com\/politique-de-confidentialite\/"},"modified":"2022-06-09T21:59:24","modified_gmt":"2022-06-09T18:59:24","slug":"privacy-policy","status":"publish","type":"page","link":"https:\/\/chocolette.com\/fr\/privacy-policy\/","title":{"rendered":"Politique de confidentialit\u00e9"},"content":{"rendered":"<h1>Politique de confidentialit\u00e9 de Chocolette Distribution, LLC<\/h1>\n<p>Chocolette Distribution, LLC exploite le site Web https:\/\/chocolette.com\/, qui fournit le SERVICE.<\/p>\n<p>Cette page est utilis\u00e9e pour informer les visiteurs du site Web de nos r\u00e8gles de collecte, d\u2019utilisation et de divulgation des renseignements personnels s\u2019ils d\u00e9cident d\u2019utiliser notre Service : le site Web Red Chocolate.<\/p>\n<p>Si vous d\u00e9cidez d\u2019utiliser notre Service, vous acceptez la collecte et l\u2019utilisation des informations conform\u00e9ment \u00e0 cette Politique de confidentialit\u00e9. Les informations personnelles que nous collectons sont utilis\u00e9es pour fournir et am\u00e9liorer le Service. Nous n\u2019utiliserons ni ne transf\u00e9rerons vos informations \u00e0 personne, sauf dans les cas d\u00e9crits dans la pr\u00e9sente Politique de confidentialit\u00e9.<\/p>\n<p>Les termes utilis\u00e9s dans cette Politique de confidentialit\u00e9 ont la m\u00eame signification que dans nos conditions g\u00e9n\u00e9rales, disponibles sur : https:\/\/chocolette.com\/, sauf indication contraire dans cette Politique de confidentialit\u00e9. Notre Politique de confidentialit\u00e9 a \u00e9t\u00e9 cr\u00e9\u00e9e \u00e0 l\u2019aide <a href=\"https:\/\/www.privacypolicytemplate.net\/\">du mod\u00e8le de Politique de confidentialit\u00e9.<\/a>.<\/p>\n<h2>Collecte et utilisation d\u2019informations<\/h2>\n<p>Pour la meilleure utilisation de notre service, nous pouvons vous demander de nous fournir certaines informations d\u2019identification personnelle, y compris, mais sans s\u2019y limiter, votre nom, num\u00e9ro de t\u00e9l\u00e9phone et adresse postale. Les informations que nous collectons seront utilis\u00e9es pour vous contacter ou pour vous identifier.<\/p>\n<h2>Donn\u00e9es de journal<\/h2>\n<p>Nous souhaitons vous informer que chaque fois que vous visitez notre Service, nous collectons des informations qui nous sont envoy\u00e9es par votre navigateur, appel\u00e9es \u00ab Donn\u00e9es de journal \u00bb. Ces donn\u00e9es de journal peuvent inclure des informations telles que votre adresse de protocole Internet (\u00ab IP \u00bb), la version du navigateur, les pages de notre service que vous visitez, l\u2019heure et la date de votre visite, le temps pass\u00e9 sur ces pages et d\u2019autres statistiques.<\/p>\n<h2>Cookies<\/h2>\n<p>Les cookies sont de petits fichiers de donn\u00e9es qui utilisent g\u00e9n\u00e9ralement un identifiant unique anonyme. Ils sont envoy\u00e9s \u00e0 votre navigateur \u00e0 partir du site Web que vous visitez et stock\u00e9s sur le disque dur de votre ordinateur.<\/p>\n<p>Notre site Web utilise des cookies pour collecter des informations et am\u00e9liorer notre Service. Vous avez la possibilit\u00e9 d\u2019accepter ou de refuser ces cookies et de savoir quand un cookie est envoy\u00e9 \u00e0 votre ordinateur. Si vous d\u00e9cidez de refuser nos cookies, vous ne pourrez peut-\u00eatre pas utiliser certaines parties de notre Service.<\/p>\n<h2>Prestataires de services<\/h2>\n<p>Nous pouvons embaucher des tiers et des particuliers pour les raisons suivantes :<\/p>\n<ul>\n<li>Pour simplifier notre Service;<\/li>\n<li>Pour fournir un Service en notre nom;<\/li>\n<li>Pour fournir des prestations li\u00e9s \u00e0 notre Service;<\/li>\n<li>Pour obtenir de l\u2019aide sur l\u2019analyse de l\u2019utilisation de notre service.<\/li>\n<\/ul>\n<p>Nous souhaitons informer les utilisateurs de notre Service que ces tiers ont acc\u00e8s \u00e0 leurs Informations personnelles afin d\u2019accomplir les t\u00e2ches qui leur sont confi\u00e9es en notre nom. Cependant, ils ne doivent pas divulguer ou utiliser les informations \u00e0 d\u2019autres fins.<\/p>\n<h2>S\u00e9curit\u00e9<\/h2>\n<p>Nous appr\u00e9cions votre confiance lorsque vous nous confiez vos Informations personnelles. C\u2019est pourquoi nous nous effor\u00e7ons donc d\u2019utiliser des moyens commercialement acceptables pour les prot\u00e9ger. Mais rappelez-vous qu\u2019aucune m\u00e9thode de transmission sur Internet ou la m\u00e9thode de stockage \u00e9lectronique n\u2019est fiable \u00e0 100%, et nous ne pouvons garantir une s\u00e9curit\u00e9 absolue.<\/p>\n<h2>Liens vers d\u2019autres sites<\/h2>\n<p>Notre Service peut contenir des liens vers d\u2019autres sites. Si vous cliquez sur un lien tiers, vous serez redirig\u00e9 vers ce site. Veuillez noter que nous ne g\u00e9rons pas ces sites externes. Par cons\u00e9quent, nous vous recommandons fortement de lire les politiques de confidentialit\u00e9 de ces sites Web. Nous ne contr\u00f4lons pas et ne sommes pas responsables du contenu, de la politique de confidentialit\u00e9 ou des actions de tout site ou service tiers.<\/p>\n<p>Respect de la vie priv\u00e9e des enfants<\/p>\n<p>Notre Service n\u2019est pas destin\u00e9 aux personnes de moins de 13 ans. Nous ne recueillons sciemment aucune information personnelle aupr\u00e8s d\u2019enfants de moins de 13 ans. Si nous d\u00e9couvrons qu\u2019un enfant de moins de 13 ans nous a fourni des informations personnelles, nous les supprimerons imm\u00e9diatement de nos serveurs. Si vous \u00eates un parent ou un tuteur et que vous savez que votre enfant nous a fourni des informations personnelles, veuillez nous contacter afin que nous puissions prendre les mesures n\u00e9cessaires.<\/p>\n<h2>Modifications de cette Politique de confidentialit\u00e9<\/h2>\n<p>Nous pouvons mettre \u00e0 jour notre Politique de confidentialit\u00e9 de temps en temps. Par cons\u00e9quent, nous vous conseillons de consulter r\u00e9guli\u00e8rement cette page pour \u00eatre inform\u00e9 d\u2019\u00e9ventuels changements. Nous vous informerons en publiant une nouvelle Politique de confidentialit\u00e9 sur cette page. Ces modifications prennent effet imm\u00e9diatement apr\u00e8s leur publication sur cette page.<\/p>\n<h2>Nous contacter<\/h2>\n<p>Si vous avez des questions ou des suggestions concernant notre Politique de confidentialit\u00e9, veuillez nous contacter imm\u00e9diatement.<\/p>\n","protected":false},"excerpt":{"rendered":"<p>Politique de confidentialit\u00e9 de Chocolette Distribution, LLC Chocolette Distribution, LLC exploite le site Web https:\/\/chocolette.com\/, qui fournit le SERVICE. Cette page est utilis\u00e9e pour informer les visiteurs du site Web de nos r\u00e8gles de collecte, d\u2019utilisation et de divulgation des renseignements personnels s\u2019ils d\u00e9cident d\u2019utiliser&#8230;<\/p>\n","protected":false},"author":1,"featured_media":0,"parent":0,"menu_order":0,"comment_status":"closed","ping_status":"open","template":"","meta":{"footnotes":""},"class_list":["post-3940","page","type-page","status-publish","hentry"],"yoast_head":"<!-- This site is optimized with the Yoast SEO plugin v19.10 - https:\/\/yoast.com\/wordpress\/plugins\/seo\/ -->\n<title>Politique de confidentialit\u00e9 - RED Chocolette<\/title>\n<meta name=\"robots\" content=\"index, follow, max-snippet:-1, max-image-preview:large, max-video-preview:-1\" \/>\n<link rel=\"canonical\" href=\"https:\/\/chocolette.com\/fr\/privacy-policy\/\" \/>\n<meta property=\"og:locale\" content=\"fr_FR\" \/>\n<meta property=\"og:type\" content=\"article\" \/>\n<meta property=\"og:title\" content=\"Politique de confidentialit\u00e9 - RED Chocolette\" \/>\n<meta property=\"og:description\" content=\"Politique de confidentialit\u00e9 de Chocolette Distribution, LLC Chocolette Distribution, LLC exploite le site Web https:\/\/chocolette.com\/, qui fournit le SERVICE. Cette page est utilis\u00e9e pour informer les visiteurs du site Web de nos r\u00e8gles de collecte, d\u2019utilisation et de divulgation des renseignements personnels s\u2019ils d\u00e9cident d\u2019utiliser...\" \/>\n<meta property=\"og:url\" content=\"https:\/\/chocolette.com\/fr\/privacy-policy\/\" \/>\n<meta property=\"og:site_name\" content=\"RED Chocolette\" \/>\n<meta property=\"article:modified_time\" content=\"2022-06-09T18:59:24+00:00\" \/>\n<meta name=\"twitter:card\" content=\"summary_large_image\" \/>\n<meta name=\"twitter:label1\" content=\"Dur\u00e9e de lecture estim\u00e9e\" \/>\n\t<meta name=\"twitter:data1\" content=\"4 minutes\" \/>\n<!-- \/ Yoast SEO plugin. -->","yoast_head_json":{"title":"Politique de confidentialit\u00e9 - RED Chocolette","robots":{"index":"index","follow":"follow","max-snippet":"max-snippet:-1","max-image-preview":"max-image-preview:large","max-video-preview":"max-video-preview:-1"},"canonical":"https:\/\/chocolette.com\/fr\/privacy-policy\/","og_locale":"fr_FR","og_type":"article","og_title":"Politique de confidentialit\u00e9 - RED Chocolette","og_description":"Politique de confidentialit\u00e9 de Chocolette Distribution, LLC Chocolette Distribution, LLC exploite le site Web https:\/\/chocolette.com\/, qui fournit le SERVICE. Cette page est utilis\u00e9e pour informer les visiteurs du site Web de nos r\u00e8gles de collecte, d\u2019utilisation et de divulgation des renseignements personnels s\u2019ils d\u00e9cident d\u2019utiliser...","og_url":"https:\/\/chocolette.com\/fr\/privacy-policy\/","og_site_name":"RED Chocolette","article_modified_time":"2022-06-09T18:59:24+00:00","twitter_card":"summary_large_image","twitter_misc":{"Dur\u00e9e de lecture estim\u00e9e":"4 minutes"},"schema":{"@context":"https:\/\/schema.org","@graph":[{"@type":"WebPage","@id":"https:\/\/chocolette.com\/fr\/privacy-policy\/","url":"https:\/\/chocolette.com\/fr\/privacy-policy\/","name":"Politique de confidentialit\u00e9 - RED Chocolette","isPartOf":{"@id":"https:\/\/chocolette.com\/fr\/#website"},"datePublished":"2022-06-09T18:52:04+00:00","dateModified":"2022-06-09T18:59:24+00:00","inLanguage":"fr-FR","potentialAction":[{"@type":"ReadAction","target":["https:\/\/chocolette.com\/fr\/privacy-policy\/"]}]},{"@type":"WebSite","@id":"https:\/\/chocolette.com\/fr\/#website","url":"https:\/\/chocolette.com\/fr\/","name":"RED Chocolette","description":"","potentialAction":[{"@type":"SearchAction","target":{"@type":"EntryPoint","urlTemplate":"https:\/\/chocolette.com\/fr\/?s={search_term_string}"},"query-input":"required name=search_term_string"}],"inLanguage":"fr-FR"}]}},"_links":{"self":[{"href":"https:\/\/chocolette.com\/fr\/wp-json\/wp\/v2\/pages\/3940","targetHints":{"allow":["GET"]}}],"collection":[{"href":"https:\/\/chocolette.com\/fr\/wp-json\/wp\/v2\/pages"}],"about":[{"href":"https:\/\/chocolette.com\/fr\/wp-json\/wp\/v2\/types\/page"}],"author":[{"embeddable":true,"href":"https:\/\/chocolette.com\/fr\/wp-json\/wp\/v2\/users\/1"}],"replies":[{"embeddable":true,"href":"https:\/\/chocolette.com\/fr\/wp-json\/wp\/v2\/comments?post=3940"}],"version-history":[{"count":2,"href":"https:\/\/chocolette.com\/fr\/wp-json\/wp\/v2\/pages\/3940\/revisions"}],"predecessor-version":[{"id":3948,"href":"https:\/\/chocolette.com\/fr\/wp-json\/wp\/v2\/pages\/3940\/revisions\/3948"}],"wp:attachment":[{"href":"https:\/\/chocolette.com\/fr\/wp-json\/wp\/v2\/media?parent=3940"}],"curies":[{"name":"wp","href":"https:\/\/api.w.org\/{rel}","templated":true}]}}