{"id":3949,"date":"2022-06-09T22:01:44","date_gmt":"2022-06-09T19:01:44","guid":{"rendered":"https:\/\/chocolette.com\/?page_id=3949"},"modified":"2022-06-09T22:02:07","modified_gmt":"2022-06-09T19:02:07","slug":"privacy-policy","status":"publish","type":"page","link":"https:\/\/chocolette.com\/es\/privacy-policy\/","title":{"rendered":"Pol\u00edtica de privacidad"},"content":{"rendered":"<h1>Pol\u00edtica de Privacidad de Chocolette Distribution, LLC<\/h1>\n<p>Chocolette Distribution, LLC opera el sitio web <a href=\"https:\/\/chocolette.com\/\">https:\/\/chocolette.com\/<\/a>, el cual provee el SERVICIO.<\/p>\n<p>Esta p\u00e1gina se utiliza para informar a los visitantes del sitio web sobre nuestras pol\u00edticas de recopilaci\u00f3n, uso y divulgaci\u00f3n de informaci\u00f3n personal si alguien decide utilizar nuestro Servicio, el sitio web de red-chocolate.<\/p>\n<p>Si decide utilizar nuestro Servicio, entonces est\u00e1 de acuerdo con la recopilaci\u00f3n y el uso de la informaci\u00f3n en relaci\u00f3n con esta pol\u00edtica. La Informaci\u00f3n Personal que recogemos se utiliza para proporcionar y mejorar el Servicio. No utilizaremos ni compartiremos su informaci\u00f3n con nadie excepto en los casos descritos en esta Pol\u00edtica de Privacidad.<\/p>\n<p>Los t\u00e9rminos utilizados en esta Pol\u00edtica de Privacidad tienen los mismos significados que en nuestros T\u00e9rminos y Condiciones, los cuales est\u00e1n accesibles en https:\/\/chocolette.com\/, a menos que se definan de otra manera en esta Pol\u00edtica de Privacidad. Nuestra Pol\u00edtica de Privacidad fue creada con la ayuda de la <a href=\"https:\/\/www.privacypolicytemplate.net\/\">Plantilla de Pol\u00edtica de Privacidad<\/a>.<\/p>\n<h2>Recopilaci\u00f3n y uso de la informaci\u00f3n<\/h2>\n<p>Para una mejor experiencia al utilizar nuestro Servicio, podemos solicitarle que nos proporcione cierta informaci\u00f3n de identificaci\u00f3n personal, incluyendo, entre otros, su nombre, n\u00famero de tel\u00e9fono y direcci\u00f3n postal. La informaci\u00f3n que recopilemos ser\u00e1 utilizada para contactarle o identificarle.<\/p>\n<h2>Datos de registro<\/h2>\n<p>Queremos informarle que cada vez que visita nuestro Servicio, recogemos la informaci\u00f3n que su navegador nos env\u00eda, que se denomina Datos de Registro. Estos datos de registro pueden incluir informaci\u00f3n como la direcci\u00f3n del Protocolo de Internet (\u00abIP\u00bb) de su ordenador, la versi\u00f3n del navegador, las p\u00e1ginas de nuestro Servicio que visita, la hora y la fecha de su visita, el tiempo que pasa en esas p\u00e1ginas y otras estad\u00edsticas.<\/p>\n<h2>Cookies<\/h2>\n<p>Las cookies son archivos con una peque\u00f1a cantidad de datos que se utilizan com\u00fanmente con un identificador \u00fanico an\u00f3nimo. Se env\u00edan a su navegador desde el sitio web que usted visita y se almacenan en el disco duro de su ordenador.<\/p>\n<p>Nuestro sitio web utiliza estas \u00abcookies\u00bb para recoger informaci\u00f3n y mejorar nuestro Servicio. Usted tiene la opci\u00f3n de aceptar o rechazar estas cookies, y saber cuando una cookie est\u00e1 siendo enviada a su ordenador. Si decide rechazar nuestras cookies, es posible que no pueda utilizar algunas partes de nuestro Servicio.<\/p>\n<h2>Proveedores de servicios<\/h2>\n<p>Podemos emplear a terceras compa\u00f1\u00edas e individuos debido a las siguientes razones:<\/p>\n<ul>\n<li>Para facilitar nuestro servicio;<\/li>\n<li>Para proporcionar el Servicio en nuestro nombre;<\/li>\n<li>Para realizar servicios relacionados con el Servicio; o<\/li>\n<li>Para ayudarnos a analizar c\u00f3mo se utiliza nuestro servicio.<\/li>\n<\/ul>\n<p>Queremos informar a los usuarios de nuestro Servicio que estos terceros tienen acceso a su Informaci\u00f3n Personal. El motivo es realizar las tareas que se les asignan en nuestro nombre. Sin embargo, est\u00e1n obligados a no revelar o utilizar la informaci\u00f3n para cualquier otro prop\u00f3sito.<\/p>\n<h2>Seguridad<\/h2>\n<p>Valoramos su confianza al proporcionarnos su informaci\u00f3n personal, por lo que nos esforzamos por utilizar medios comercialmente aceptables para protegerla. Pero recuerde que ning\u00fan m\u00e9todo de transmisi\u00f3n por Internet, o m\u00e9todo de almacenamiento electr\u00f3nico es 100% seguro y fiable, y no podemos garantizar su seguridad absoluta.<\/p>\n<h2>Enlaces a otros sitios<\/h2>\n<p>Nuestro Servicio puede contener enlaces a otros sitios. Si hace clic en un enlace de un tercero, ser\u00e1 dirigido a ese sitio. Tenga en cuenta que estos sitios externos no son operados por nosotros. Por lo tanto, le recomendamos encarecidamente que revise la Pol\u00edtica de Privacidad de estos sitios web. No tenemos control sobre, y no asumimos ninguna responsabilidad por el contenido, las pol\u00edticas de privacidad o las pr\u00e1cticas de cualquier sitio o servicio de terceros.<\/p>\n<p>Privacidad de los ni\u00f1os<\/p>\n<p>Nuestros servicios no se dirigen a nadie menor de 13 a\u00f1os. No recopilamos a sabiendas informaci\u00f3n personal identificable de ni\u00f1os menores de 13 a\u00f1os. En caso de que descubramos que un ni\u00f1o menor de 13 a\u00f1os nos ha proporcionado informaci\u00f3n personal, la eliminamos inmediatamente de nuestros servidores. Si usted es un padre o tutor y es consciente de que su hijo nos ha proporcionado informaci\u00f3n personal, por favor, p\u00f3ngase en contacto con nosotros para que podamos tomar las medidas necesarias.<\/p>\n<h2>Cambios en esta pol\u00edtica de privacidad<\/h2>\n<p>Podemos actualizar nuestra Pol\u00edtica de Privacidad de vez en cuando. Por lo tanto, le aconsejamos que revise esta p\u00e1gina peri\u00f3dicamente para conocer los cambios. Le notificaremos de cualquier cambio publicando la nueva Pol\u00edtica de Privacidad en esta p\u00e1gina. Estos cambios son efectivos inmediatamente, despu\u00e9s de ser publicados en esta p\u00e1gina.<\/p>\n<h2>Cont\u00e1ctenos<\/h2>\n<p>Si tiene alguna pregunta o sugerencia sobre nuestra Pol\u00edtica de Privacidad, no dude en ponerse en contacto con nosotros.<\/p>\n","protected":false},"excerpt":{"rendered":"<p>Pol\u00edtica de Privacidad de Chocolette Distribution, LLC Chocolette Distribution, LLC opera el sitio web https:\/\/chocolette.com\/, el cual provee el SERVICIO. Esta p\u00e1gina se utiliza para informar a los visitantes del sitio web sobre nuestras pol\u00edticas de recopilaci\u00f3n, uso y divulgaci\u00f3n de informaci\u00f3n personal si alguien&#8230;<\/p>\n","protected":false},"author":1,"featured_media":0,"parent":0,"menu_order":0,"comment_status":"closed","ping_status":"open","template":"","meta":{"footnotes":""},"class_list":["post-3949","page","type-page","status-publish","hentry"],"yoast_head":"<!-- This site is optimized with the Yoast SEO plugin v19.10 - https:\/\/yoast.com\/wordpress\/plugins\/seo\/ -->\n<title>Pol\u00edtica de privacidad - RED Chocolette<\/title>\n<meta name=\"robots\" content=\"index, follow, max-snippet:-1, max-image-preview:large, max-video-preview:-1\" \/>\n<link rel=\"canonical\" href=\"https:\/\/chocolette.com\/es\/privacy-policy\/\" \/>\n<meta property=\"og:locale\" content=\"es_ES\" \/>\n<meta property=\"og:type\" content=\"article\" \/>\n<meta property=\"og:title\" content=\"Pol\u00edtica de privacidad - RED Chocolette\" \/>\n<meta property=\"og:description\" content=\"Pol\u00edtica de Privacidad de Chocolette Distribution, LLC Chocolette Distribution, LLC opera el sitio web https:\/\/chocolette.com\/, el cual provee el SERVICIO. Esta p\u00e1gina se utiliza para informar a los visitantes del sitio web sobre nuestras pol\u00edticas de recopilaci\u00f3n, uso y divulgaci\u00f3n de informaci\u00f3n personal si alguien...\" \/>\n<meta property=\"og:url\" content=\"https:\/\/chocolette.com\/es\/privacy-policy\/\" \/>\n<meta property=\"og:site_name\" content=\"RED Chocolette\" \/>\n<meta property=\"article:modified_time\" content=\"2022-06-09T19:02:07+00:00\" \/>\n<meta name=\"twitter:card\" content=\"summary_large_image\" \/>\n<meta name=\"twitter:label1\" content=\"Tiempo de lectura\" \/>\n\t<meta name=\"twitter:data1\" content=\"4 minutos\" \/>\n<!-- \/ Yoast SEO plugin. -->","yoast_head_json":{"title":"Pol\u00edtica de privacidad - RED Chocolette","robots":{"index":"index","follow":"follow","max-snippet":"max-snippet:-1","max-image-preview":"max-image-preview:large","max-video-preview":"max-video-preview:-1"},"canonical":"https:\/\/chocolette.com\/es\/privacy-policy\/","og_locale":"es_ES","og_type":"article","og_title":"Pol\u00edtica de privacidad - RED Chocolette","og_description":"Pol\u00edtica de Privacidad de Chocolette Distribution, LLC Chocolette Distribution, LLC opera el sitio web https:\/\/chocolette.com\/, el cual provee el SERVICIO. Esta p\u00e1gina se utiliza para informar a los visitantes del sitio web sobre nuestras pol\u00edticas de recopilaci\u00f3n, uso y divulgaci\u00f3n de informaci\u00f3n personal si alguien...","og_url":"https:\/\/chocolette.com\/es\/privacy-policy\/","og_site_name":"RED Chocolette","article_modified_time":"2022-06-09T19:02:07+00:00","twitter_card":"summary_large_image","twitter_misc":{"Tiempo de lectura":"4 minutos"},"schema":{"@context":"https:\/\/schema.org","@graph":[{"@type":"WebPage","@id":"https:\/\/chocolette.com\/es\/privacy-policy\/","url":"https:\/\/chocolette.com\/es\/privacy-policy\/","name":"Pol\u00edtica de privacidad - RED Chocolette","isPartOf":{"@id":"https:\/\/chocolette.com\/es\/#website"},"datePublished":"2022-06-09T19:01:44+00:00","dateModified":"2022-06-09T19:02:07+00:00","inLanguage":"es","potentialAction":[{"@type":"ReadAction","target":["https:\/\/chocolette.com\/es\/privacy-policy\/"]}]},{"@type":"WebSite","@id":"https:\/\/chocolette.com\/es\/#website","url":"https:\/\/chocolette.com\/es\/","name":"RED Chocolette","description":"","potentialAction":[{"@type":"SearchAction","target":{"@type":"EntryPoint","urlTemplate":"https:\/\/chocolette.com\/es\/?s={search_term_string}"},"query-input":"required name=search_term_string"}],"inLanguage":"es"}]}},"_links":{"self":[{"href":"https:\/\/chocolette.com\/es\/wp-json\/wp\/v2\/pages\/3949","targetHints":{"allow":["GET"]}}],"collection":[{"href":"https:\/\/chocolette.com\/es\/wp-json\/wp\/v2\/pages"}],"about":[{"href":"https:\/\/chocolette.com\/es\/wp-json\/wp\/v2\/types\/page"}],"author":[{"embeddable":true,"href":"https:\/\/chocolette.com\/es\/wp-json\/wp\/v2\/users\/1"}],"replies":[{"embeddable":true,"href":"https:\/\/chocolette.com\/es\/wp-json\/wp\/v2\/comments?post=3949"}],"version-history":[{"count":1,"href":"https:\/\/chocolette.com\/es\/wp-json\/wp\/v2\/pages\/3949\/revisions"}],"predecessor-version":[{"id":3950,"href":"https:\/\/chocolette.com\/es\/wp-json\/wp\/v2\/pages\/3949\/revisions\/3950"}],"wp:attachment":[{"href":"https:\/\/chocolette.com\/es\/wp-json\/wp\/v2\/media?parent=3949"}],"curies":[{"name":"wp","href":"https:\/\/api.w.org\/{rel}","templated":true}]}}